{"id":3575,"date":"2021-01-14T15:10:54","date_gmt":"2021-01-14T15:10:54","guid":{"rendered":"https:\/\/gpsites.co\/realtor\/?page_id=3575"},"modified":"2022-09-17T11:58:14","modified_gmt":"2022-09-17T09:58:14","slug":"home","status":"publish","type":"page","link":"https:\/\/bornholmerhaver.dk\/","title":{"rendered":"Home"},"content":{"rendered":"<div class=\"gb-container gb-container-34bc0d13\"><div class=\"gb-inside-container\">\n<div class=\"gb-grid-wrapper gb-grid-wrapper-4af1892b\"><\/div>\n\n<div class=\"gb-grid-wrapper gb-grid-wrapper-c0f3d09e\">\n<div class=\"gb-grid-column gb-grid-column-128d1f8a\"><div class=\"gb-container gb-container-128d1f8a\"><div class=\"gb-inside-container\">\n<div class=\"ultp-shortcode\" data-postid=\"5582\"><div  class=\"wp-block-ultimate-post-post-slider-1 ultp-block-c7c1e1\"><div class=\"ultp-block-wrapper\"><div class=\"ultp-block-items-wrap\" data-arrows=\"\" data-dots=\"\" data-autoplay=\"\" data-slidespeed=\"3000\" data-fade=\"\" data-slidelg=\"1\" data-slidesm=\"1\" data-slidexs=\"1\"><div class=\"ultp-block-item post-id-5628\"><div><div class=\"ultp-block-slider-wrap\"><div class=\"ultp-block-image-inner\"><div class=\"ultp-block-image \"><a href=\"https:\/\/bornholmerhaver.dk\/?p=5628\" ><img decoding=\"async\"  alt=\"Besk\u00e6ring af frugttr\u00e6er\"  src=\"https:\/\/bornholmerhaver.dk\/wp-content\/uploads\/2022\/09\/307284903_1513176179111266_5231656513984921095_n.jpg\" \/><\/a><\/div><\/div><div class=\"ultp-block-content ultp-block-content-middlePosition ultp-block-content-centerPosition\"><div class=\"ultp-block-content-inner\"><h3 class=\"ultp-block-title \"><a href=\"https:\/\/bornholmerhaver.dk\/?p=5628\" >Besk\u00e6ring af frugttr\u00e6er<\/a><\/h3><div class=\"ultp-block-meta ultp-block-meta-dash ultp-block-meta-noIcon\"><span class=\"ultp-block-date ultp-block-meta-element\">sep 16, 2022<\/span><\/div><div class=\"ultp-block-excerpt\">I Juli August og September m\u00e5ned kan de fleste frugtt\u00e6er besk\u00e6res. Kontakt os for et uforpligtende tilbud. Telefon: +45 60 45 66 75<\/div><\/div><\/div><\/div><\/div><\/div><\/div><\/div><\/div><\/div>\n\n<\/div><\/div><\/div>\n<\/div>\n<\/div><\/div>\n\n<div class=\"gb-container gb-container-f642de2b\" id=\"listings\"><div class=\"gb-inside-container\">\n<div class=\"gb-grid-wrapper gb-grid-wrapper-5e220f2d\">\n<div class=\"gb-grid-column gb-grid-column-1395e122\"><div class=\"gb-container gb-container-1395e122\"><div class=\"gb-inside-container\">\n\n<figure class=\"wp-block-image size-large\"><img loading=\"lazy\" decoding=\"async\" width=\"1024\" height=\"768\" src=\"https:\/\/bornholmerhaver.dk\/wp-content\/uploads\/2022\/09\/306910973_1031215114213375_1369436524513742248_n-1024x768.jpg\" alt=\"\" class=\"wp-image-5632\" srcset=\"https:\/\/bornholmerhaver.dk\/wp-content\/uploads\/2022\/09\/306910973_1031215114213375_1369436524513742248_n-1024x768.jpg 1024w, https:\/\/bornholmerhaver.dk\/wp-content\/uploads\/2022\/09\/306910973_1031215114213375_1369436524513742248_n-300x225.jpg 300w, https:\/\/bornholmerhaver.dk\/wp-content\/uploads\/2022\/09\/306910973_1031215114213375_1369436524513742248_n-768x576.jpg 768w, https:\/\/bornholmerhaver.dk\/wp-content\/uploads\/2022\/09\/306910973_1031215114213375_1369436524513742248_n-1536x1152.jpg 1536w, https:\/\/bornholmerhaver.dk\/wp-content\/uploads\/2022\/09\/306910973_1031215114213375_1369436524513742248_n.jpg 1824w\" sizes=\"auto, (max-width: 1024px) 100vw, 1024px\" \/><\/figure>\n\n\n\n<h4 class=\"gb-headline gb-headline-ff84ef75 gb-headline-text\">Besk\u00e6ring af h\u00e6k<\/h4>\n\n\n\n<p>Vi besk\u00e6ring alle typer h\u00e6k i starten eller slutningen af \u00e5ret, hvor planterne er g\u00e5et i  dvale, s\u00e5 h\u00e6kken allerede \u00e5ret efter vil begynde at se p\u00e6n ud igen.<\/p>\n\n\n\n<p>Vi bortskaffer selvf\u00f8lgelig alt affaldet efter en besk\u00e6ring, s\u00e5 du intet skal g\u00f8re.<\/p>\n\n\n<div class=\"gb-button-wrapper gb-button-wrapper-b8a4321a\">\n\n<a class=\"gb-button gb-button-b3b28f2a displaynone\" href=\"https:\/\/gpsites.co\/realtor\/listing-page\/\"><span class=\"gb-button-text\">mere om<br>Besk\u00e6ring af h\u00e6k<\/span><span class=\"gb-icon\"><svg viewBox=\"0 0 16 16\" class=\"bi bi-arrow-right\" fill=\"currentColor\" height=\"16\" width=\"16\" xmlns=\"http:\/\/www.w3.org\/2000\/svg\">   <path d=\"M1 8a.5.5 0 0 1 .5-.5h11.793l-3.147-3.146a.5.5 0 0 1 .708-.708l4 4a.5.5 0 0 1 0 .708l-4 4a.5.5 0 0 1-.708-.708L13.293 8.5H1.5A.5.5 0 0 1 1 8z\" fill-rule=\"evenodd\"><\/path> <\/svg><\/span><\/a>\n\n<\/div>\n<\/div><\/div><\/div>\n\n<div class=\"gb-grid-column gb-grid-column-6bf32184\"><div class=\"gb-container gb-container-6bf32184\"><div class=\"gb-inside-container\">\n\n<figure class=\"wp-block-image size-large\"><img loading=\"lazy\" decoding=\"async\" width=\"1024\" height=\"768\" src=\"https:\/\/bornholmerhaver.dk\/wp-content\/uploads\/2022\/09\/307228384_399425185689659_2914784089060112576_n-1024x768.jpg\" alt=\"\" class=\"wp-image-5635\" srcset=\"https:\/\/bornholmerhaver.dk\/wp-content\/uploads\/2022\/09\/307228384_399425185689659_2914784089060112576_n-1024x768.jpg 1024w, https:\/\/bornholmerhaver.dk\/wp-content\/uploads\/2022\/09\/307228384_399425185689659_2914784089060112576_n-300x225.jpg 300w, https:\/\/bornholmerhaver.dk\/wp-content\/uploads\/2022\/09\/307228384_399425185689659_2914784089060112576_n-768x576.jpg 768w, https:\/\/bornholmerhaver.dk\/wp-content\/uploads\/2022\/09\/307228384_399425185689659_2914784089060112576_n-1536x1152.jpg 1536w, https:\/\/bornholmerhaver.dk\/wp-content\/uploads\/2022\/09\/307228384_399425185689659_2914784089060112576_n.jpg 1824w\" sizes=\"auto, (max-width: 1024px) 100vw, 1024px\" \/><\/figure>\n\n\n\n<h4 class=\"gb-headline gb-headline-af200120 gb-headline-text\">Nye h\u00e6kkeplanter<\/h4>\n\n\n\n<p>Etablering af ny h\u00e6k eller udskiftning af enkelte planter udf\u00f8res p\u00e5 alle h\u00e6kke typer.<\/p>\n\n\n\n<p>Vi s\u00f8rger for opgravning, ny jord, bortskaffelse af gammel jord og plantning af planterne. Alt du skal g\u00f8re er vanding af planterne fremover. <\/p>\n\n\n<div class=\"gb-button-wrapper gb-button-wrapper-5ce75f87\">\n\n<a class=\"gb-button gb-button-f1ec7150 displaynone\" href=\"https:\/\/gpsites.co\/realtor\/listing-page\/\"><span class=\"gb-button-text\">mere om<br>Nye h\u00e6kkeplanter<\/span><span class=\"gb-icon\"><svg viewBox=\"0 0 16 16\" class=\"bi bi-arrow-right\" fill=\"currentColor\" height=\"16\" width=\"16\" xmlns=\"http:\/\/www.w3.org\/2000\/svg\">   <path d=\"M1 8a.5.5 0 0 1 .5-.5h11.793l-3.147-3.146a.5.5 0 0 1 .708-.708l4 4a.5.5 0 0 1 0 .708l-4 4a.5.5 0 0 1-.708-.708L13.293 8.5H1.5A.5.5 0 0 1 1 8z\" fill-rule=\"evenodd\"><\/path> <\/svg><\/span><\/a>\n\n<\/div>\n<\/div><\/div><\/div>\n\n<div class=\"gb-grid-column gb-grid-column-7f91111c\"><div class=\"gb-container gb-container-7f91111c\"><div class=\"gb-inside-container\">\n\n<figure class=\"wp-block-image size-large\"><img loading=\"lazy\" decoding=\"async\" width=\"1024\" height=\"768\" src=\"https:\/\/bornholmerhaver.dk\/wp-content\/uploads\/2022\/07\/291951384_385877953642131_8766720050342434965_n-1024x768.jpg\" alt=\"\" class=\"wp-image-5499\" srcset=\"https:\/\/bornholmerhaver.dk\/wp-content\/uploads\/2022\/07\/291951384_385877953642131_8766720050342434965_n-1024x768.jpg 1024w, https:\/\/bornholmerhaver.dk\/wp-content\/uploads\/2022\/07\/291951384_385877953642131_8766720050342434965_n-300x225.jpg 300w, https:\/\/bornholmerhaver.dk\/wp-content\/uploads\/2022\/07\/291951384_385877953642131_8766720050342434965_n-768x576.jpg 768w, https:\/\/bornholmerhaver.dk\/wp-content\/uploads\/2022\/07\/291951384_385877953642131_8766720050342434965_n-1536x1152.jpg 1536w, https:\/\/bornholmerhaver.dk\/wp-content\/uploads\/2022\/07\/291951384_385877953642131_8766720050342434965_n.jpg 2048w\" sizes=\"auto, (max-width: 1024px) 100vw, 1024px\" \/><\/figure>\n\n\n\n<h4 class=\"gb-headline gb-headline-a9a8e82f gb-headline-text\">H\u00e6kklipning<\/h4>\n\n\n\n<p>Vi klipper mange meter h\u00e6k hver eneste dag i l\u00f8bet af sommeren og vi kan ogs\u00e5 klippe din. <\/p>\n\n\n\n<p>Almindelige h\u00e6kkeplanter som liguster b\u00f8r klippes et par gange om \u00e5ret, men andre typer som b\u00e6geh\u00e6k, klippes som regel kun en gang \u00e5rligt.<\/p>\n\n\n<div class=\"gb-button-wrapper gb-button-wrapper-58c2be78\">\n\n<a class=\"gb-button gb-button-a9b1f89a displaynone\" href=\"https:\/\/gpsites.co\/realtor\/listing-page\/\"><span class=\"gb-button-text\">mere om<br>H\u00e6kklipning<\/span><span class=\"gb-icon\"><svg viewBox=\"0 0 16 16\" class=\"bi bi-arrow-right\" fill=\"currentColor\" height=\"16\" width=\"16\" xmlns=\"http:\/\/www.w3.org\/2000\/svg\">   <path d=\"M1 8a.5.5 0 0 1 .5-.5h11.793l-3.147-3.146a.5.5 0 0 1 .708-.708l4 4a.5.5 0 0 1 0 .708l-4 4a.5.5 0 0 1-.708-.708L13.293 8.5H1.5A.5.5 0 0 1 1 8z\" fill-rule=\"evenodd\"><\/path> <\/svg><\/span><\/a>\n\n<\/div>\n<\/div><\/div><\/div>\n\n<div class=\"gb-grid-column gb-grid-column-5822317d\"><div class=\"gb-container gb-container-5822317d\"><div class=\"gb-inside-container\">\n\n<figure class=\"wp-block-image size-large\"><img loading=\"lazy\" decoding=\"async\" width=\"1024\" height=\"768\" src=\"https:\/\/bornholmerhaver.dk\/wp-content\/uploads\/2022\/09\/306784305_417545210448518_1666506831761229662_n-1024x768.jpg\" alt=\"\" class=\"wp-image-5616\" srcset=\"https:\/\/bornholmerhaver.dk\/wp-content\/uploads\/2022\/09\/306784305_417545210448518_1666506831761229662_n-1024x768.jpg 1024w, https:\/\/bornholmerhaver.dk\/wp-content\/uploads\/2022\/09\/306784305_417545210448518_1666506831761229662_n-300x225.jpg 300w, https:\/\/bornholmerhaver.dk\/wp-content\/uploads\/2022\/09\/306784305_417545210448518_1666506831761229662_n-768x576.jpg 768w, https:\/\/bornholmerhaver.dk\/wp-content\/uploads\/2022\/09\/306784305_417545210448518_1666506831761229662_n-1536x1152.jpg 1536w, https:\/\/bornholmerhaver.dk\/wp-content\/uploads\/2022\/09\/306784305_417545210448518_1666506831761229662_n.jpg 1824w\" sizes=\"auto, (max-width: 1024px) 100vw, 1024px\" \/><\/figure>\n\n\n\n<h4 class=\"gb-headline gb-headline-7007c4d0 gb-headline-text\">Bel\u00e6gning<\/h4>\n\n\n\n<p>Ny terrasse, ny mur,  trapper, reparationer af eksisterende terrasse \/ mur \/ trapper eller afrensning af overflader med vores professionelle udstyr.<\/p>\n\n\n\n<p>Vi arbejder med mange forskellige type bel\u00e6gninger, s\u00e5 du kan f\u00e5 det udseende du \u00f8nsker.<\/p>\n\n\n<div class=\"gb-button-wrapper gb-button-wrapper-301dcec9\">\n\n<a class=\"gb-button gb-button-ed0de9ec displaynone\" href=\"https:\/\/gpsites.co\/realtor\/listing-page\/\"><span class=\"gb-button-text\">Mere om<br>Bel\u00e6gning<\/span><span class=\"gb-icon\"><svg viewBox=\"0 0 16 16\" class=\"bi bi-arrow-right\" fill=\"currentColor\" height=\"16\" width=\"16\" xmlns=\"http:\/\/www.w3.org\/2000\/svg\">   <path d=\"M1 8a.5.5 0 0 1 .5-.5h11.793l-3.147-3.146a.5.5 0 0 1 .708-.708l4 4a.5.5 0 0 1 0 .708l-4 4a.5.5 0 0 1-.708-.708L13.293 8.5H1.5A.5.5 0 0 1 1 8z\" fill-rule=\"evenodd\"><\/path> <\/svg><\/span><\/a>\n\n<\/div>\n<\/div><\/div><\/div>\n\n<div class=\"gb-grid-column gb-grid-column-e650e29a\"><div class=\"gb-container gb-container-e650e29a\"><div class=\"gb-inside-container\">\n\n<figure class=\"wp-block-image size-large\"><img loading=\"lazy\" decoding=\"async\" width=\"1024\" height=\"768\" src=\"https:\/\/bornholmerhaver.dk\/wp-content\/uploads\/2022\/09\/306759685_5421066247985381_3858632089138263642_n-1024x768.jpg\" alt=\"\" class=\"wp-image-5640\" srcset=\"https:\/\/bornholmerhaver.dk\/wp-content\/uploads\/2022\/09\/306759685_5421066247985381_3858632089138263642_n-1024x768.jpg 1024w, https:\/\/bornholmerhaver.dk\/wp-content\/uploads\/2022\/09\/306759685_5421066247985381_3858632089138263642_n-300x225.jpg 300w, https:\/\/bornholmerhaver.dk\/wp-content\/uploads\/2022\/09\/306759685_5421066247985381_3858632089138263642_n-768x576.jpg 768w, https:\/\/bornholmerhaver.dk\/wp-content\/uploads\/2022\/09\/306759685_5421066247985381_3858632089138263642_n-1536x1152.jpg 1536w, https:\/\/bornholmerhaver.dk\/wp-content\/uploads\/2022\/09\/306759685_5421066247985381_3858632089138263642_n.jpg 2048w\" sizes=\"auto, (max-width: 1024px) 100vw, 1024px\" \/><\/figure>\n\n\n\n<h4 class=\"gb-headline gb-headline-4970b0b1 gb-headline-text\">Tr\u00e6f\u00e6ldning<\/h4>\n\n\n\n<p>Om du skal have f\u00e6lder et tr\u00e6, top sk\u00e5ret, opstammer eller m\u00e5ske lavet br\u00e6nde af et tr\u00e6, s\u00e5 klarer vi det hele.<\/p>\n\n\n\n<p>Vi har lift til r\u00e5dighed til de helt store tr\u00e6er.<\/p>\n\n\n\n<p>Bortsdkaffelse af affaldet kan aftales hvis du ikke \u00f8nsker at beholde de f\u00e6ldede tr\u00e6er.<\/p>\n\n\n<div class=\"gb-button-wrapper gb-button-wrapper-617e8a15\">\n\n<a class=\"gb-button gb-button-b5395b0d displaynone\" href=\"https:\/\/gpsites.co\/realtor\/listing-page\/\"><span class=\"gb-button-text\">mere om<br>Tr\u00e6f\u00e6ldning<\/span><span class=\"gb-icon\"><svg viewBox=\"0 0 16 16\" class=\"bi bi-arrow-right\" fill=\"currentColor\" height=\"16\" width=\"16\" xmlns=\"http:\/\/www.w3.org\/2000\/svg\">   <path d=\"M1 8a.5.5 0 0 1 .5-.5h11.793l-3.147-3.146a.5.5 0 0 1 .708-.708l4 4a.5.5 0 0 1 0 .708l-4 4a.5.5 0 0 1-.708-.708L13.293 8.5H1.5A.5.5 0 0 1 1 8z\" fill-rule=\"evenodd\"><\/path> <\/svg><\/span><\/a>\n\n<\/div>\n<\/div><\/div><\/div>\n\n<div class=\"gb-grid-column gb-grid-column-b74973d2\"><div class=\"gb-container gb-container-b74973d2\"><div class=\"gb-inside-container\">\n\n<div class=\"wp-block-image\"><figure class=\"aligncenter size-large is-resized\"><img loading=\"lazy\" decoding=\"async\" src=\"https:\/\/bornholmerhaver.dk\/wp-content\/uploads\/2022\/09\/306721551_607712757498748_1345465772571927640_n-768x1024.jpg\" alt=\"\" class=\"wp-image-5639\" width=\"169\" height=\"225\" srcset=\"https:\/\/bornholmerhaver.dk\/wp-content\/uploads\/2022\/09\/306721551_607712757498748_1345465772571927640_n-768x1024.jpg 768w, https:\/\/bornholmerhaver.dk\/wp-content\/uploads\/2022\/09\/306721551_607712757498748_1345465772571927640_n-225x300.jpg 225w, https:\/\/bornholmerhaver.dk\/wp-content\/uploads\/2022\/09\/306721551_607712757498748_1345465772571927640_n-1152x1536.jpg 1152w, https:\/\/bornholmerhaver.dk\/wp-content\/uploads\/2022\/09\/306721551_607712757498748_1345465772571927640_n.jpg 1368w\" sizes=\"auto, (max-width: 169px) 100vw, 169px\" \/><\/figure><\/div>\n\n\n\n<h4 class=\"gb-headline gb-headline-68fb31b4 gb-headline-text\">Stubfr\u00e6sning<\/h4>\n\n\n\n<p>Fr\u00e6sning af tr\u00e6stubbe og r\u00f8dder tilbydes, s\u00e5 har du f\u00e5et et tr\u00e6 f\u00e6ldet og vil af med resterne af tr\u00e6et, s\u00e5 kan vi sagtens hj\u00e6lpe med det. <\/p>\n\n\n\n<p>Vi kan d\u00e6kke hullet til igen med ny jord og bortskaffe flisen fra tr\u00e6stubben.<br>Priser afh\u00e6nger af st\u00f8rrelsen p\u00e5 stubben eller r\u00f8dderne.<\/p>\n\n\n<div class=\"gb-button-wrapper gb-button-wrapper-a7880900\">\n\n<a class=\"gb-button gb-button-d82fb0a9 displaynone\" href=\"https:\/\/gpsites.co\/realtor\/listing-page\/\"><span class=\"gb-button-text\">Mere om<br>Stubfr\u00e6sning<\/span><span class=\"gb-icon\"><svg viewBox=\"0 0 16 16\" class=\"bi bi-arrow-right\" fill=\"currentColor\" height=\"16\" width=\"16\" xmlns=\"http:\/\/www.w3.org\/2000\/svg\">   <path d=\"M1 8a.5.5 0 0 1 .5-.5h11.793l-3.147-3.146a.5.5 0 0 1 .708-.708l4 4a.5.5 0 0 1 0 .708l-4 4a.5.5 0 0 1-.708-.708L13.293 8.5H1.5A.5.5 0 0 1 1 8z\" fill-rule=\"evenodd\"><\/path> <\/svg><\/span><\/a>\n\n<\/div>\n<\/div><\/div><\/div>\n\n<div class=\"gb-grid-column gb-grid-column-b0218532\"><div class=\"gb-container gb-container-b0218532\"><div class=\"gb-inside-container\">\n\n<figure class=\"wp-block-image size-large\"><img loading=\"lazy\" decoding=\"async\" width=\"1024\" height=\"768\" src=\"https:\/\/bornholmerhaver.dk\/wp-content\/uploads\/2022\/09\/307284903_1513176179111266_5231656513984921095_n-1024x768.jpg\" alt=\"\" class=\"wp-image-5609\" srcset=\"https:\/\/bornholmerhaver.dk\/wp-content\/uploads\/2022\/09\/307284903_1513176179111266_5231656513984921095_n-1024x768.jpg 1024w, https:\/\/bornholmerhaver.dk\/wp-content\/uploads\/2022\/09\/307284903_1513176179111266_5231656513984921095_n-300x225.jpg 300w, https:\/\/bornholmerhaver.dk\/wp-content\/uploads\/2022\/09\/307284903_1513176179111266_5231656513984921095_n-768x576.jpg 768w, https:\/\/bornholmerhaver.dk\/wp-content\/uploads\/2022\/09\/307284903_1513176179111266_5231656513984921095_n-1536x1152.jpg 1536w, https:\/\/bornholmerhaver.dk\/wp-content\/uploads\/2022\/09\/307284903_1513176179111266_5231656513984921095_n.jpg 1824w\" sizes=\"auto, (max-width: 1024px) 100vw, 1024px\" \/><\/figure>\n\n\n\n<h4 class=\"gb-headline gb-headline-c3e4e420 gb-headline-text\">Besk\u00e6ring af tr\u00e6er<\/h4>\n\n\n\n<p>Besk\u00e6ring af alle typer tr\u00e6 inklusiv frugtr\u00e6er og b\u00e6rbuske uanset st\u00f8rrelse.<\/p>\n\n\n\n<p>Besk\u00e6ring af tr\u00e6er og buske kan v\u00e6re n\u00f8dvendigt, for fortsat at kunne give frugt.<\/p>\n\n\n\n<p>Vi k\u00f8rer selvf\u00f8lgelig alt affaldet fra besk\u00e6ring v\u00e6k for dig ogs\u00e5.<\/p>\n\n\n<div class=\"gb-button-wrapper gb-button-wrapper-b14511be\">\n\n<a class=\"gb-button gb-button-87caf939 displaynone\" href=\"https:\/\/gpsites.co\/realtor\/listing-page\/\"><span class=\"gb-button-text\">Mere om<br>Besk\u00e6ring af tr\u00e6er<\/span><span class=\"gb-icon\"><svg viewBox=\"0 0 16 16\" class=\"bi bi-arrow-right\" fill=\"currentColor\" height=\"16\" width=\"16\" xmlns=\"http:\/\/www.w3.org\/2000\/svg\">   <path d=\"M1 8a.5.5 0 0 1 .5-.5h11.793l-3.147-3.146a.5.5 0 0 1 .708-.708l4 4a.5.5 0 0 1 0 .708l-4 4a.5.5 0 0 1-.708-.708L13.293 8.5H1.5A.5.5 0 0 1 1 8z\" fill-rule=\"evenodd\"><\/path> <\/svg><\/span><\/a>\n\n<\/div>\n<\/div><\/div><\/div>\n\n<div class=\"gb-grid-column gb-grid-column-3ea69eff\"><div class=\"gb-container gb-container-3ea69eff\"><div class=\"gb-inside-container\">\n\n<div class=\"wp-block-image\"><figure class=\"aligncenter size-large is-resized\"><img loading=\"lazy\" decoding=\"async\" src=\"https:\/\/bornholmerhaver.dk\/wp-content\/uploads\/2022\/09\/307174793_456283749786244_9110968995766749314_n-e1663325802947-1024x940.jpg\" alt=\"\" class=\"wp-image-5648\" width=\"246\" height=\"226\" srcset=\"https:\/\/bornholmerhaver.dk\/wp-content\/uploads\/2022\/09\/307174793_456283749786244_9110968995766749314_n-e1663325802947-1024x940.jpg 1024w, https:\/\/bornholmerhaver.dk\/wp-content\/uploads\/2022\/09\/307174793_456283749786244_9110968995766749314_n-e1663325802947-300x276.jpg 300w, https:\/\/bornholmerhaver.dk\/wp-content\/uploads\/2022\/09\/307174793_456283749786244_9110968995766749314_n-e1663325802947-768x705.jpg 768w, https:\/\/bornholmerhaver.dk\/wp-content\/uploads\/2022\/09\/307174793_456283749786244_9110968995766749314_n-e1663325802947.jpg 1079w\" sizes=\"auto, (max-width: 246px) 100vw, 246px\" \/><\/figure><\/div>\n\n\n\n<h4 class=\"gb-headline gb-headline-8bdd34a9 gb-headline-text\">Gr\u00e6sklipning &amp; pl\u00e6nepleje<\/h4>\n\n\n\n<p>Klipning af alle st\u00f8rrelser gr\u00e6spl\u00e6ne for private, virksomheder og foreninger tilbydes.<\/p>\n\n\n\n<p>Hvis pl\u00e6nen skal plejes med g\u00f8dning, nye fr\u00f8, mosfjernelse m.m. s\u00e5 kan vi ogs\u00e5 udf\u00f8re dette arbejde.<br><br>Vi anbefaler altid at gr\u00e6sset klippes h\u00f8jere i juni-august, Ca 7 cm og resten af s\u00e6sonen Ca 4 cm. Dette g\u00f8r gr\u00e6sset mere modstandsdygtigt overfor t\u00f8rke og ukrudt.<\/p>\n\n\n<div class=\"gb-button-wrapper gb-button-wrapper-2ec49f99\">\n\n<a class=\"gb-button gb-button-97a03fa0 displaynone\" href=\"https:\/\/gpsites.co\/realtor\/listing-page\/\"><span class=\"gb-button-text\">mere om<br>Gr\u00e6sklipning<\/span><span class=\"gb-icon\"><svg viewBox=\"0 0 16 16\" class=\"bi bi-arrow-right\" fill=\"currentColor\" height=\"16\" width=\"16\" xmlns=\"http:\/\/www.w3.org\/2000\/svg\">   <path d=\"M1 8a.5.5 0 0 1 .5-.5h11.793l-3.147-3.146a.5.5 0 0 1 .708-.708l4 4a.5.5 0 0 1 0 .708l-4 4a.5.5 0 0 1-.708-.708L13.293 8.5H1.5A.5.5 0 0 1 1 8z\" fill-rule=\"evenodd\"><\/path> <\/svg><\/span><\/a>\n\n<\/div>\n<\/div><\/div><\/div>\n\n<div class=\"gb-grid-column gb-grid-column-4e2dcb1c\"><div class=\"gb-container gb-container-4e2dcb1c\"><div class=\"gb-inside-container\">\n\n<figure class=\"wp-block-image size-large\"><img loading=\"lazy\" decoding=\"async\" width=\"1024\" height=\"768\" src=\"https:\/\/bornholmerhaver.dk\/wp-content\/uploads\/2022\/09\/307042337_1268179190665084_5390307458400534713_n-1024x768.jpg\" alt=\"\" class=\"wp-image-5653\" srcset=\"https:\/\/bornholmerhaver.dk\/wp-content\/uploads\/2022\/09\/307042337_1268179190665084_5390307458400534713_n-1024x768.jpg 1024w, https:\/\/bornholmerhaver.dk\/wp-content\/uploads\/2022\/09\/307042337_1268179190665084_5390307458400534713_n-300x225.jpg 300w, https:\/\/bornholmerhaver.dk\/wp-content\/uploads\/2022\/09\/307042337_1268179190665084_5390307458400534713_n-768x576.jpg 768w, https:\/\/bornholmerhaver.dk\/wp-content\/uploads\/2022\/09\/307042337_1268179190665084_5390307458400534713_n-1536x1152.jpg 1536w, https:\/\/bornholmerhaver.dk\/wp-content\/uploads\/2022\/09\/307042337_1268179190665084_5390307458400534713_n.jpg 1824w\" sizes=\"auto, (max-width: 1024px) 100vw, 1024px\" \/><\/figure>\n\n\n\n<h4 class=\"gb-headline gb-headline-1cc2d0b0 gb-headline-text\">Rullegr\u00e6s<\/h4>\n\n\n\n<p>Vi klarg\u00f8r omr\u00e5det til at f\u00e5 lagt rullegr\u00e6s, l\u00e6gger rullegr\u00e6s og sikrer at du er godt forberedt p\u00e5 hvordan du vedligeholder den fremover.<\/p>\n\n\n\n<p>Rullegr\u00e6s kan l\u00e6gges hele \u00e5ret og kr\u00e6ver j\u00e6vnlig vanding i de f\u00f8rste to &#8211; tre uger efter det er lagt<\/p>\n\n\n<div class=\"gb-button-wrapper gb-button-wrapper-e1774127\">\n\n<a class=\"gb-button gb-button-f70cc4d2 displaynone\" href=\"https:\/\/gpsites.co\/realtor\/listing-page\/\"><span class=\"gb-button-text\">mere om<br>Rullegr\u00e6s<\/span><span class=\"gb-icon\"><svg viewBox=\"0 0 16 16\" class=\"bi bi-arrow-right\" fill=\"currentColor\" height=\"16\" width=\"16\" xmlns=\"http:\/\/www.w3.org\/2000\/svg\">   <path d=\"M1 8a.5.5 0 0 1 .5-.5h11.793l-3.147-3.146a.5.5 0 0 1 .708-.708l4 4a.5.5 0 0 1 0 .708l-4 4a.5.5 0 0 1-.708-.708L13.293 8.5H1.5A.5.5 0 0 1 1 8z\" fill-rule=\"evenodd\"><\/path> <\/svg><\/span><\/a>\n\n<\/div>\n<\/div><\/div><\/div>\n<\/div>\n\n<div class=\"gb-grid-wrapper gb-grid-wrapper-ccd51d26\"><\/div>\n<\/div><div class=\"gb-shapes\"><div class=\"gb-shape gb-shape-1\"><svg xmlns=\"http:\/\/www.w3.org\/2000\/svg\" viewBox=\"0 0 1200 360\" preserveAspectRatio=\"none\"><path d=\"M1200 360H0V0l1200 348z\"\/><\/svg><\/div><div class=\"gb-shape gb-shape-2\"><svg xmlns=\"http:\/\/www.w3.org\/2000\/svg\" viewBox=\"0 0 1200 360\" preserveAspectRatio=\"none\"><path d=\"M1200 360H0V0l1200 348z\"\/><\/svg><\/div><\/div><\/div>\n\n<div class=\"gb-container gb-container-12568a8b\"><div class=\"gb-inside-container\">\n\n<div style=\"height:57px\" aria-hidden=\"true\" class=\"wp-block-spacer\"><\/div>\n\n<\/div><\/div>","protected":false},"excerpt":{"rendered":"","protected":false},"author":1,"featured_media":0,"parent":0,"menu_order":0,"comment_status":"closed","ping_status":"closed","template":"","meta":{"footnotes":""},"class_list":{"0":"post-3575","1":"page","2":"type-page","3":"status-publish","5":"no-featured-image-padding"},"_links":{"self":[{"href":"https:\/\/bornholmerhaver.dk\/index.php?rest_route=\/wp\/v2\/pages\/3575","targetHints":{"allow":["GET"]}}],"collection":[{"href":"https:\/\/bornholmerhaver.dk\/index.php?rest_route=\/wp\/v2\/pages"}],"about":[{"href":"https:\/\/bornholmerhaver.dk\/index.php?rest_route=\/wp\/v2\/types\/page"}],"author":[{"embeddable":true,"href":"https:\/\/bornholmerhaver.dk\/index.php?rest_route=\/wp\/v2\/users\/1"}],"replies":[{"embeddable":true,"href":"https:\/\/bornholmerhaver.dk\/index.php?rest_route=%2Fwp%2Fv2%2Fcomments&post=3575"}],"version-history":[{"count":90,"href":"https:\/\/bornholmerhaver.dk\/index.php?rest_route=\/wp\/v2\/pages\/3575\/revisions"}],"predecessor-version":[{"id":5667,"href":"https:\/\/bornholmerhaver.dk\/index.php?rest_route=\/wp\/v2\/pages\/3575\/revisions\/5667"}],"wp:attachment":[{"href":"https:\/\/bornholmerhaver.dk\/index.php?rest_route=%2Fwp%2Fv2%2Fmedia&parent=3575"}],"curies":[{"name":"wp","href":"https:\/\/api.w.org\/{rel}","templated":true}]}}